{"id":2674,"date":"2021-03-27T17:53:21","date_gmt":"2021-03-27T16:53:21","guid":{"rendered":"https:\/\/www.lapiquesse.fr\/?page_id=2674"},"modified":"2021-06-19T17:14:59","modified_gmt":"2021-06-19T15:14:59","slug":"linogravure","status":"publish","type":"page","link":"https:\/\/www.lapiquesse.fr\/index.php\/linogravure\/","title":{"rendered":"Linogravure"},"content":{"rendered":"\n<p>La technique de la linogravure consiste \u00e0 graver une plaque de linol\u00e9um \u00e0 l&#8217;aide d&#8217;outils appel\u00e9s gouges pour \u00e9vider les parties qui resteront blanches, la partie en relief s&#8217;encrera par pression sur du papier.<\/p>\n\n\n\n<p>Je me sers d&#8217;une petite presse manuelle pour l&#8217;impression sur papier canton 200gr\/m2 avec de l&#8217;encre de qualit\u00e9 sup\u00e9rieure de marque Charbonnel. Mes linogravures sont limit\u00e9es en nombre d&#8217;impression et num\u00e9rot\u00e9es afin de rester des oeuvres d&#8217;art.<\/p>\n\n\n\n<p>Je n&#8217;ai pas de th\u00e8me de pr\u00e9dilection, je choisis mes mod\u00e8les au gr\u00e9s de mon inspiration et coup de coeur.<\/p>\n\n\n\n<p>Les linogravures sont propos\u00e9es en vente sur la boutique en ligne non encadr\u00e9es pour des facilit\u00e9s de transport, mais l&#8217;encadrement kraft reste une option possible.<\/p>\n\n\n\n<p><\/p>\n\n\n\n<p><\/p>\n\n\n\n<figure class=\"is-layout-flex wp-block-gallery-1 wp-block-gallery columns-2 is-cropped\"><ul class=\"blocks-gallery-grid\"><li class=\"blocks-gallery-item\"><figure><img decoding=\"async\" loading=\"lazy\" width=\"900\" height=\"1200\" src=\"https:\/\/www.lapiquesse.fr\/wp-content\/uploads\/2021\/03\/IMG_2670-1.jpg\" alt=\"\" data-id=\"2677\" data-link=\"https:\/\/www.lapiquesse.fr\/index.php\/la-linogravure\/img_2670-1\/#main\" class=\"wp-image-2677\" srcset=\"https:\/\/www.lapiquesse.fr\/wp-content\/uploads\/2021\/03\/IMG_2670-1.jpg 900w, https:\/\/www.lapiquesse.fr\/wp-content\/uploads\/2021\/03\/IMG_2670-1-225x300.jpg 225w, https:\/\/www.lapiquesse.fr\/wp-content\/uploads\/2021\/03\/IMG_2670-1-600x800.jpg 600w\" sizes=\"(max-width: 900px) 100vw, 900px\" \/><\/figure><\/li><li class=\"blocks-gallery-item\"><figure><img decoding=\"async\" loading=\"lazy\" width=\"1200\" height=\"901\" src=\"https:\/\/www.lapiquesse.fr\/wp-content\/uploads\/2021\/03\/Image-1.jpg\" alt=\"\" data-id=\"2679\" data-full-url=\"https:\/\/www.lapiquesse.fr\/wp-content\/uploads\/2021\/03\/Image-1.jpg\" data-link=\"https:\/\/www.lapiquesse.fr\/index.php\/la-linogravure\/image-1-2\/#main\" class=\"wp-image-2679\" srcset=\"https:\/\/www.lapiquesse.fr\/wp-content\/uploads\/2021\/03\/Image-1.jpg 1200w, https:\/\/www.lapiquesse.fr\/wp-content\/uploads\/2021\/03\/Image-1-300x225.jpg 300w, https:\/\/www.lapiquesse.fr\/wp-content\/uploads\/2021\/03\/Image-1-600x451.jpg 600w\" sizes=\"(max-width: 1200px) 100vw, 1200px\" \/><\/figure><\/li><\/ul><\/figure>\n","protected":false},"excerpt":{"rendered":"<p>La technique de la linogravure consiste \u00e0 graver une plaque de linol\u00e9um \u00e0 l&#8217;aide d&#8217;outils appel\u00e9s gouges pour \u00e9vider les parties qui resteront blanches, la partie en relief s&#8217;encrera par pression sur du papier. Je me sers d&#8217;une petite presse manuelle pour l&#8217;impression sur papier canton 200gr\/m2 avec de l&#8217;encre de qualit\u00e9 sup\u00e9rieure de marque [&hellip;]<\/p>\n","protected":false},"author":1,"featured_media":0,"parent":0,"menu_order":0,"comment_status":"closed","ping_status":"closed","template":"","meta":[],"aioseo_notices":[],"_links":{"self":[{"href":"https:\/\/www.lapiquesse.fr\/index.php\/wp-json\/wp\/v2\/pages\/2674"}],"collection":[{"href":"https:\/\/www.lapiquesse.fr\/index.php\/wp-json\/wp\/v2\/pages"}],"about":[{"href":"https:\/\/www.lapiquesse.fr\/index.php\/wp-json\/wp\/v2\/types\/page"}],"author":[{"embeddable":true,"href":"https:\/\/www.lapiquesse.fr\/index.php\/wp-json\/wp\/v2\/users\/1"}],"replies":[{"embeddable":true,"href":"https:\/\/www.lapiquesse.fr\/index.php\/wp-json\/wp\/v2\/comments?post=2674"}],"version-history":[{"count":9,"href":"https:\/\/www.lapiquesse.fr\/index.php\/wp-json\/wp\/v2\/pages\/2674\/revisions"}],"predecessor-version":[{"id":2904,"href":"https:\/\/www.lapiquesse.fr\/index.php\/wp-json\/wp\/v2\/pages\/2674\/revisions\/2904"}],"wp:attachment":[{"href":"https:\/\/www.lapiquesse.fr\/index.php\/wp-json\/wp\/v2\/media?parent=2674"}],"curies":[{"name":"wp","href":"https:\/\/api.w.org\/{rel}","templated":true}]}}