{"id":1100,"date":"2020-02-15T17:49:09","date_gmt":"2020-02-15T16:49:09","guid":{"rendered":"https:\/\/www.lapiquesse.fr\/?post_type=product&#038;p=1100"},"modified":"2024-06-17T19:28:22","modified_gmt":"2024-06-17T17:28:22","slug":"omar-le-homard","status":"publish","type":"product","link":"https:\/\/www.lapiquesse.fr\/index.php\/produit\/omar-le-homard\/","title":{"rendered":"Peinture Marcelin le homard"},"content":{"rendered":"<p>Cadre 20 x \u00a020 cm<\/p>\n<p>Carton entoil\u00e9 recouvert d&#8217;une page de livre et d&#8217;une peinture acrylique<\/p>\n<p>Passe-partout blanc<\/p>\n<p>Fermeture par une vitre, un carton bois et du kraft (double \u00e9paisseur)<\/p>\n<p>Toutes mes toiles sont sign\u00e9es Zaza et sont certifi\u00e9es authentique au dos du cadre<\/p>\n<p>Accroche dor\u00e9 au dos<\/p>\n<p>Poids 340 gr<\/p>\n","protected":false},"excerpt":{"rendered":"<p>Cadre 20 x \u00a020 cm Carton entoil\u00e9 recouvert d&#8217;une page de livre et d&#8217;une peinture acrylique Passe-partout blanc Fermeture par une vitre, un carton bois et du kraft (double \u00e9paisseur) Toutes mes toiles sont sign\u00e9es Zaza et sont certifi\u00e9es authentique au dos du cadre Accroche dor\u00e9 au dos Poids 340 gr<\/p>\n","protected":false},"featured_media":1150,"template":"","meta":[],"product_cat":[29],"product_tag":[43],"aioseo_notices":[],"_links":{"self":[{"href":"https:\/\/www.lapiquesse.fr\/index.php\/wp-json\/wp\/v2\/product\/1100"}],"collection":[{"href":"https:\/\/www.lapiquesse.fr\/index.php\/wp-json\/wp\/v2\/product"}],"about":[{"href":"https:\/\/www.lapiquesse.fr\/index.php\/wp-json\/wp\/v2\/types\/product"}],"wp:featuredmedia":[{"embeddable":true,"href":"https:\/\/www.lapiquesse.fr\/index.php\/wp-json\/wp\/v2\/media\/1150"}],"wp:attachment":[{"href":"https:\/\/www.lapiquesse.fr\/index.php\/wp-json\/wp\/v2\/media?parent=1100"}],"wp:term":[{"taxonomy":"product_cat","embeddable":true,"href":"https:\/\/www.lapiquesse.fr\/index.php\/wp-json\/wp\/v2\/product_cat?post=1100"},{"taxonomy":"product_tag","embeddable":true,"href":"https:\/\/www.lapiquesse.fr\/index.php\/wp-json\/wp\/v2\/product_tag?post=1100"}],"curies":[{"name":"wp","href":"https:\/\/api.w.org\/{rel}","templated":true}]}}