{"id":1430,"date":"2020-04-04T11:48:31","date_gmt":"2020-04-04T09:48:31","guid":{"rendered":"https:\/\/www.lapiquesse.fr\/?post_type=product&#038;p=1430"},"modified":"2021-11-16T18:42:00","modified_gmt":"2021-11-16T17:42:00","slug":"peinture-la-bande-des-maillots-jaunes","status":"publish","type":"product","link":"https:\/\/www.lapiquesse.fr\/index.php\/produit\/peinture-la-bande-des-maillots-jaunes\/","title":{"rendered":"Peinture &#8220;Pierre, Paul, Jacques et Alfonse&#8221;"},"content":{"rendered":"<p>Cadre 27 X 19 cm<\/p>\n<p>Carton entoil\u00e9 recouvert d&#8217;une peinture acrylique<\/p>\n<p>Passe partout blanc<\/p>\n<p>Fermeture par une vitre, un carton bois et du kraft (double \u00e9paisseur)<\/p>\n<p>Toutes mes toiles sont sign\u00e9es Zaza et sont certifi\u00e9es authentique au dos du cadre<\/p>\n<p>Accroche dor\u00e9 au dos<\/p>\n<p>Poids 340 gr<\/p>\n","protected":false},"excerpt":{"rendered":"<p>Cadre 27 X 19 cm Carton entoil\u00e9 recouvert d&#8217;une peinture acrylique Passe partout blanc Fermeture par une vitre, un carton bois et du kraft (double \u00e9paisseur) Toutes mes toiles sont sign\u00e9es Zaza et sont certifi\u00e9es authentique au dos du cadre Accroche dor\u00e9 au dos Poids 340 gr<\/p>\n","protected":false},"featured_media":1950,"template":"","meta":[],"product_cat":[36],"product_tag":[43],"aioseo_notices":[],"_links":{"self":[{"href":"https:\/\/www.lapiquesse.fr\/index.php\/wp-json\/wp\/v2\/product\/1430"}],"collection":[{"href":"https:\/\/www.lapiquesse.fr\/index.php\/wp-json\/wp\/v2\/product"}],"about":[{"href":"https:\/\/www.lapiquesse.fr\/index.php\/wp-json\/wp\/v2\/types\/product"}],"wp:featuredmedia":[{"embeddable":true,"href":"https:\/\/www.lapiquesse.fr\/index.php\/wp-json\/wp\/v2\/media\/1950"}],"wp:attachment":[{"href":"https:\/\/www.lapiquesse.fr\/index.php\/wp-json\/wp\/v2\/media?parent=1430"}],"wp:term":[{"taxonomy":"product_cat","embeddable":true,"href":"https:\/\/www.lapiquesse.fr\/index.php\/wp-json\/wp\/v2\/product_cat?post=1430"},{"taxonomy":"product_tag","embeddable":true,"href":"https:\/\/www.lapiquesse.fr\/index.php\/wp-json\/wp\/v2\/product_tag?post=1430"}],"curies":[{"name":"wp","href":"https:\/\/api.w.org\/{rel}","templated":true}]}}