{"id":1438,"date":"2020-04-04T11:58:18","date_gmt":"2020-04-04T09:58:18","guid":{"rendered":"https:\/\/www.lapiquesse.fr\/?post_type=product&#038;p=1438"},"modified":"2021-11-16T18:41:37","modified_gmt":"2021-11-16T17:41:37","slug":"peinture-la-bienheureuse","status":"publish","type":"product","link":"https:\/\/www.lapiquesse.fr\/index.php\/produit\/peinture-la-bienheureuse\/","title":{"rendered":"Peinture la bienheureuse"},"content":{"rendered":"<p>Cadre 27 X 19 cm<\/p>\n<p>Carton entoil\u00e9 recouvert de pages d&#8217;un livre philosophique et d&#8217;une peinture acrylique<\/p>\n<p>Passe partout bleu marine<\/p>\n<p>Fermeture par une vitre, un carton bois et du kraft (double \u00e9paisseur)<\/p>\n<p>Toutes mes toiles sont sign\u00e9es Zaza et sont certifi\u00e9es authentique au dos du cadre<\/p>\n<p>Accroche dor\u00e9 au dos<\/p>\n<p>Poids 340 gr<\/p>\n","protected":false},"excerpt":{"rendered":"<p>Cadre 27 X 19 cm Carton entoil\u00e9 recouvert de pages d&#8217;un livre philosophique et d&#8217;une peinture acrylique Passe partout bleu marine Fermeture par une vitre, un carton bois et du kraft (double \u00e9paisseur) Toutes mes toiles sont sign\u00e9es Zaza et sont certifi\u00e9es authentique au dos du cadre Accroche dor\u00e9 au dos Poids 340 gr<\/p>\n","protected":false},"featured_media":1439,"template":"","meta":[],"product_cat":[36],"product_tag":[43],"aioseo_notices":[],"_links":{"self":[{"href":"https:\/\/www.lapiquesse.fr\/index.php\/wp-json\/wp\/v2\/product\/1438"}],"collection":[{"href":"https:\/\/www.lapiquesse.fr\/index.php\/wp-json\/wp\/v2\/product"}],"about":[{"href":"https:\/\/www.lapiquesse.fr\/index.php\/wp-json\/wp\/v2\/types\/product"}],"wp:featuredmedia":[{"embeddable":true,"href":"https:\/\/www.lapiquesse.fr\/index.php\/wp-json\/wp\/v2\/media\/1439"}],"wp:attachment":[{"href":"https:\/\/www.lapiquesse.fr\/index.php\/wp-json\/wp\/v2\/media?parent=1438"}],"wp:term":[{"taxonomy":"product_cat","embeddable":true,"href":"https:\/\/www.lapiquesse.fr\/index.php\/wp-json\/wp\/v2\/product_cat?post=1438"},{"taxonomy":"product_tag","embeddable":true,"href":"https:\/\/www.lapiquesse.fr\/index.php\/wp-json\/wp\/v2\/product_tag?post=1438"}],"curies":[{"name":"wp","href":"https:\/\/api.w.org\/{rel}","templated":true}]}}