{"id":1802,"date":"2020-05-20T10:34:43","date_gmt":"2020-05-20T08:34:43","guid":{"rendered":"https:\/\/www.lapiquesse.fr\/?post_type=product&#038;p=1802"},"modified":"2021-01-19T12:39:09","modified_gmt":"2021-01-19T11:39:09","slug":"boucles-doreilles-bora-8","status":"publish","type":"product","link":"https:\/\/www.lapiquesse.fr\/index.php\/produit\/boucles-doreilles-bora-8\/","title":{"rendered":"Boucles Bora 8"},"content":{"rendered":"<p>Longueur avec crochet \u00a0: 6 cm<\/p>\n<p>Largeur : 2,2 cm<\/p>\n<p>Crochet en gold filled<\/p>\n<p>Connecteur et anneaux dor\u00e9 \u00e0 l&#8217;or fin<\/p>\n<p>Perle Swarovski et nacre ronde<\/p>\n<p>Cr\u00e9ation unique, actuellement en un seul exemplaire mais possibilit\u00e9 de commande. Vendue par paire.<\/p>\n<p>Garantie sans nickel, tr\u00e8s l\u00e9g\u00e8re le poids d&#8217;une boucle est inf\u00e9rieur \u00e0 1 gr<\/p>\n","protected":false},"excerpt":{"rendered":"<p>Longueur avec crochet \u00a0: 6 cm Largeur : 2,2 cm Crochet en gold filled Connecteur et anneaux dor\u00e9 \u00e0 l&#8217;or fin Perle Swarovski et nacre ronde Cr\u00e9ation unique, actuellement en un seul exemplaire mais possibilit\u00e9 de commande. Vendue par paire. Garantie sans nickel, tr\u00e8s l\u00e9g\u00e8re le poids d&#8217;une boucle est inf\u00e9rieur \u00e0 1 gr<\/p>\n","protected":false},"featured_media":1803,"template":"","meta":[],"product_cat":[15],"product_tag":[],"aioseo_notices":[],"_links":{"self":[{"href":"https:\/\/www.lapiquesse.fr\/index.php\/wp-json\/wp\/v2\/product\/1802"}],"collection":[{"href":"https:\/\/www.lapiquesse.fr\/index.php\/wp-json\/wp\/v2\/product"}],"about":[{"href":"https:\/\/www.lapiquesse.fr\/index.php\/wp-json\/wp\/v2\/types\/product"}],"wp:featuredmedia":[{"embeddable":true,"href":"https:\/\/www.lapiquesse.fr\/index.php\/wp-json\/wp\/v2\/media\/1803"}],"wp:attachment":[{"href":"https:\/\/www.lapiquesse.fr\/index.php\/wp-json\/wp\/v2\/media?parent=1802"}],"wp:term":[{"taxonomy":"product_cat","embeddable":true,"href":"https:\/\/www.lapiquesse.fr\/index.php\/wp-json\/wp\/v2\/product_cat?post=1802"},{"taxonomy":"product_tag","embeddable":true,"href":"https:\/\/www.lapiquesse.fr\/index.php\/wp-json\/wp\/v2\/product_tag?post=1802"}],"curies":[{"name":"wp","href":"https:\/\/api.w.org\/{rel}","templated":true}]}}