{"id":2067,"date":"2020-09-14T18:02:21","date_gmt":"2020-09-14T16:02:21","guid":{"rendered":"https:\/\/www.lapiquesse.fr\/?post_type=product&#038;p=2067"},"modified":"2022-05-16T19:25:45","modified_gmt":"2022-05-16T17:25:45","slug":"peinture-triptyque-banc-de-sardines","status":"publish","type":"product","link":"https:\/\/www.lapiquesse.fr\/index.php\/produit\/peinture-triptyque-banc-de-sardines\/","title":{"rendered":"A &#8211; Peinture triptyque banc de sardines"},"content":{"rendered":"<p>Cadre 30 X 15 cm X 3<\/p>\n<p>Toile coton et peinture acrylique<\/p>\n<p>Toutes mes toiles sont sign\u00e9es Zaza et sont certifi\u00e9es authentiques<\/p>\n<p>Accroche dor\u00e9 au dos<\/p>\n<p>&nbsp;<\/p>\n","protected":false},"excerpt":{"rendered":"<p>Cadre 30 X 15 cm X 3 Toile coton et peinture acrylique Toutes mes toiles sont sign\u00e9es Zaza et sont certifi\u00e9es authentiques Accroche dor\u00e9 au dos &nbsp;<\/p>\n","protected":false},"featured_media":2069,"template":"","meta":[],"product_cat":[36],"product_tag":[43],"aioseo_notices":[],"_links":{"self":[{"href":"https:\/\/www.lapiquesse.fr\/index.php\/wp-json\/wp\/v2\/product\/2067"}],"collection":[{"href":"https:\/\/www.lapiquesse.fr\/index.php\/wp-json\/wp\/v2\/product"}],"about":[{"href":"https:\/\/www.lapiquesse.fr\/index.php\/wp-json\/wp\/v2\/types\/product"}],"wp:featuredmedia":[{"embeddable":true,"href":"https:\/\/www.lapiquesse.fr\/index.php\/wp-json\/wp\/v2\/media\/2069"}],"wp:attachment":[{"href":"https:\/\/www.lapiquesse.fr\/index.php\/wp-json\/wp\/v2\/media?parent=2067"}],"wp:term":[{"taxonomy":"product_cat","embeddable":true,"href":"https:\/\/www.lapiquesse.fr\/index.php\/wp-json\/wp\/v2\/product_cat?post=2067"},{"taxonomy":"product_tag","embeddable":true,"href":"https:\/\/www.lapiquesse.fr\/index.php\/wp-json\/wp\/v2\/product_tag?post=2067"}],"curies":[{"name":"wp","href":"https:\/\/api.w.org\/{rel}","templated":true}]}}