{"id":2108,"date":"2020-09-21T10:24:51","date_gmt":"2020-09-21T08:24:51","guid":{"rendered":"https:\/\/www.lapiquesse.fr\/?post_type=product&#038;p=2108"},"modified":"2021-03-27T12:12:11","modified_gmt":"2021-03-27T11:12:11","slug":"boucles-doreilles-goa-7","status":"publish","type":"product","link":"https:\/\/www.lapiquesse.fr\/index.php\/produit\/boucles-doreilles-goa-7\/","title":{"rendered":"Boucles d&#8217;oreilles Goa 3"},"content":{"rendered":"<p>Longueur : 5 cm<\/p>\n<p>Largeur : 3 \u00a0cm<\/p>\n<p>Accroche dor\u00e9e \u00e0 l&#8217;or fin anneau en laiton couleur dor\u00e9e<\/p>\n<p>Papier vernis Japonais et Li\u00e9ge sur base laiton, perle Lapis Lazuli<\/p>\n<p>Cr\u00e9ation unique, Vendue par paire.<\/p>\n<p>Bijoux garantie sans nickel ni plomb ni cadmium<\/p>\n<p>Ne pas mettre sous l&#8217;eau<\/p>\n<p>Tr\u00e8s l\u00e9g\u00e8re le poids d&#8217;une boucle est inf\u00e9rieur \u00e0 1 gr<\/p>\n","protected":false},"excerpt":{"rendered":"<p>Longueur : 5 cm Largeur : 3 \u00a0cm Accroche dor\u00e9e \u00e0 l&#8217;or fin anneau en laiton couleur dor\u00e9e Papier vernis Japonais et Li\u00e9ge sur base laiton, perle Lapis Lazuli Cr\u00e9ation unique, Vendue par paire. Bijoux garantie sans nickel ni plomb ni cadmium Ne pas mettre sous l&#8217;eau Tr\u00e8s l\u00e9g\u00e8re le poids d&#8217;une boucle est inf\u00e9rieur [&hellip;]<\/p>\n","protected":false},"featured_media":2109,"template":"","meta":[],"product_cat":[40],"product_tag":[],"aioseo_notices":[],"_links":{"self":[{"href":"https:\/\/www.lapiquesse.fr\/index.php\/wp-json\/wp\/v2\/product\/2108"}],"collection":[{"href":"https:\/\/www.lapiquesse.fr\/index.php\/wp-json\/wp\/v2\/product"}],"about":[{"href":"https:\/\/www.lapiquesse.fr\/index.php\/wp-json\/wp\/v2\/types\/product"}],"wp:featuredmedia":[{"embeddable":true,"href":"https:\/\/www.lapiquesse.fr\/index.php\/wp-json\/wp\/v2\/media\/2109"}],"wp:attachment":[{"href":"https:\/\/www.lapiquesse.fr\/index.php\/wp-json\/wp\/v2\/media?parent=2108"}],"wp:term":[{"taxonomy":"product_cat","embeddable":true,"href":"https:\/\/www.lapiquesse.fr\/index.php\/wp-json\/wp\/v2\/product_cat?post=2108"},{"taxonomy":"product_tag","embeddable":true,"href":"https:\/\/www.lapiquesse.fr\/index.php\/wp-json\/wp\/v2\/product_tag?post=2108"}],"curies":[{"name":"wp","href":"https:\/\/api.w.org\/{rel}","templated":true}]}}