{"id":2528,"date":"2020-11-10T15:07:18","date_gmt":"2020-11-10T14:07:18","guid":{"rendered":"https:\/\/www.lapiquesse.fr\/?post_type=product&#038;p=2528"},"modified":"2021-11-16T18:31:52","modified_gmt":"2021-11-16T17:31:52","slug":"boucles-doreilles-aynia-2","status":"publish","type":"product","link":"https:\/\/www.lapiquesse.fr\/index.php\/produit\/boucles-doreilles-aynia-2\/","title":{"rendered":"Boucles d&#8217;oreilles Cassiop\u00e9 1"},"content":{"rendered":"<p>Longueur : 6,5 cm<\/p>\n<p>Largeur : \u00a01,5 cm<\/p>\n<p>Accroche \u00a0en laiton \u00a0couleur dor\u00e9e<\/p>\n<p>Li\u00e8ge et papier Japonais vernis sur base laiton, le verso est recouvert de bois de cerisier<\/p>\n<p>Perles Lappis Lazuli 4 mm<\/p>\n<p>Cr\u00e9ation unique, Vendue par paire.<\/p>\n<p>Bijoux garantie sans nickel ni plomb ni cadmium<\/p>\n<p>Ne pas mettre sous l&#8217;eau<\/p>\n<p>Tr\u00e8s l\u00e9g\u00e8re le poids d&#8217;une boucle est inf\u00e9rieur \u00e0 1 gr<\/p>\n","protected":false},"excerpt":{"rendered":"<p><img decoding=\"async\" loading=\"lazy\" class=\"alignnone size-medium wp-image-2534\" src=\"https:\/\/www.lapiquesse.fr\/wp-content\/uploads\/2020\/11\/P1080967-161x300.jpg\" alt=\"\" width=\"161\" height=\"300\" srcset=\"https:\/\/www.lapiquesse.fr\/wp-content\/uploads\/2020\/11\/P1080967-161x300.jpg 161w, https:\/\/www.lapiquesse.fr\/wp-content\/uploads\/2020\/11\/P1080967-600x1118.jpg 600w, https:\/\/www.lapiquesse.fr\/wp-content\/uploads\/2020\/11\/P1080967.jpg 644w\" sizes=\"(max-width: 161px) 100vw, 161px\" \/><\/p>\n","protected":false},"featured_media":2541,"template":"","meta":[],"product_cat":[40],"product_tag":[],"aioseo_notices":[],"_links":{"self":[{"href":"https:\/\/www.lapiquesse.fr\/index.php\/wp-json\/wp\/v2\/product\/2528"}],"collection":[{"href":"https:\/\/www.lapiquesse.fr\/index.php\/wp-json\/wp\/v2\/product"}],"about":[{"href":"https:\/\/www.lapiquesse.fr\/index.php\/wp-json\/wp\/v2\/types\/product"}],"wp:featuredmedia":[{"embeddable":true,"href":"https:\/\/www.lapiquesse.fr\/index.php\/wp-json\/wp\/v2\/media\/2541"}],"wp:attachment":[{"href":"https:\/\/www.lapiquesse.fr\/index.php\/wp-json\/wp\/v2\/media?parent=2528"}],"wp:term":[{"taxonomy":"product_cat","embeddable":true,"href":"https:\/\/www.lapiquesse.fr\/index.php\/wp-json\/wp\/v2\/product_cat?post=2528"},{"taxonomy":"product_tag","embeddable":true,"href":"https:\/\/www.lapiquesse.fr\/index.php\/wp-json\/wp\/v2\/product_tag?post=2528"}],"curies":[{"name":"wp","href":"https:\/\/api.w.org\/{rel}","templated":true}]}}