{"id":2616,"date":"2021-02-07T15:22:54","date_gmt":"2021-02-07T14:22:54","guid":{"rendered":"https:\/\/www.lapiquesse.fr\/?post_type=product&#038;p=2616"},"modified":"2021-02-07T15:22:54","modified_gmt":"2021-02-07T14:22:54","slug":"boucles-doreilles-honolulu-3","status":"publish","type":"product","link":"https:\/\/www.lapiquesse.fr\/index.php\/produit\/boucles-doreilles-honolulu-3\/","title":{"rendered":"Boucles d&#8217;oreilles Honolulu 3"},"content":{"rendered":"<p>Longueur : 5 cm<\/p>\n<p>Largeur : \u00a03 cm<\/p>\n<p>Accroche \u00a0en laiton couleur dor\u00e9e<\/p>\n<p>Papier Japonais vernis sur base laiton<\/p>\n<p>Nacre naturelle ronde et rond dor\u00e9 \u00e0 l&#8217;or fin 24K avec ses s\u00e9quins \u00e9maill\u00e9s et sa pampille<\/p>\n<p>Cr\u00e9ation unique, Vendue par paire.<\/p>\n<p>Bijoux garantie sans nickel ni plomb ni cadmium<\/p>\n<p>Ne pas mettre sous l&#8217;eau<\/p>\n<p>Tr\u00e8s l\u00e9g\u00e8re le poids d&#8217;une boucle fait 4 gr<\/p>\n","protected":false},"excerpt":{"rendered":"<p>Longueur : 5 cm Largeur : \u00a03 cm Accroche \u00a0en laiton couleur dor\u00e9e Papier Japonais vernis sur base laiton Nacre naturelle ronde et rond dor\u00e9 \u00e0 l&#8217;or fin 24K avec ses s\u00e9quins \u00e9maill\u00e9s et sa pampille Cr\u00e9ation unique, Vendue par paire. Bijoux garantie sans nickel ni plomb ni cadmium Ne pas mettre sous l&#8217;eau Tr\u00e8s [&hellip;]<\/p>\n","protected":false},"featured_media":2617,"template":"","meta":[],"product_cat":[15],"product_tag":[],"aioseo_notices":[],"_links":{"self":[{"href":"https:\/\/www.lapiquesse.fr\/index.php\/wp-json\/wp\/v2\/product\/2616"}],"collection":[{"href":"https:\/\/www.lapiquesse.fr\/index.php\/wp-json\/wp\/v2\/product"}],"about":[{"href":"https:\/\/www.lapiquesse.fr\/index.php\/wp-json\/wp\/v2\/types\/product"}],"wp:featuredmedia":[{"embeddable":true,"href":"https:\/\/www.lapiquesse.fr\/index.php\/wp-json\/wp\/v2\/media\/2617"}],"wp:attachment":[{"href":"https:\/\/www.lapiquesse.fr\/index.php\/wp-json\/wp\/v2\/media?parent=2616"}],"wp:term":[{"taxonomy":"product_cat","embeddable":true,"href":"https:\/\/www.lapiquesse.fr\/index.php\/wp-json\/wp\/v2\/product_cat?post=2616"},{"taxonomy":"product_tag","embeddable":true,"href":"https:\/\/www.lapiquesse.fr\/index.php\/wp-json\/wp\/v2\/product_tag?post=2616"}],"curies":[{"name":"wp","href":"https:\/\/api.w.org\/{rel}","templated":true}]}}