{"id":2738,"date":"2021-05-02T19:02:19","date_gmt":"2021-05-02T17:02:19","guid":{"rendered":"https:\/\/www.lapiquesse.fr\/?post_type=product&#038;p=2738"},"modified":"2025-10-25T13:48:58","modified_gmt":"2025-10-25T11:48:58","slug":"maison-ouessantine","status":"publish","type":"product","link":"https:\/\/www.lapiquesse.fr\/index.php\/produit\/maison-ouessantine\/","title":{"rendered":"\u00c0 &#8211; CYRIUS L\u2019OCTOPUS"},"content":{"rendered":"<p>Linogravure Format A4 &#8211; impression 50exemplaires &#8211; possibilit\u00e9 de le pr\u00e9senter en format 30x40cm avec un passe partout<\/p>\n<p>Encre Charbonnel bleu<\/p>\n<p>vendu non encadr\u00e9 sur la boutique en ligne pour des facilit\u00e9s de transport mais je peux vous l&#8217;encadrer avec du kraft pour 25\u20ac de plus (frais d&#8217;encadrement 15\u20ac + frais postaux 10\u20ac) me contacter sur izaviseux@gmail.com ou 0699697408<\/p>\n<p>&nbsp;<\/p>\n","protected":false},"excerpt":{"rendered":"<p>Linogravure Format A4 &#8211; impression 50exemplaires &#8211; possibilit\u00e9 de le pr\u00e9senter en format 30x40cm avec un passe partout Encre Charbonnel bleu vendu non encadr\u00e9 sur la boutique en ligne pour des facilit\u00e9s de transport mais je peux vous l&#8217;encadrer avec du kraft pour 25\u20ac de plus (frais d&#8217;encadrement 15\u20ac + frais postaux 10\u20ac) me contacter [&hellip;]<\/p>\n","protected":false},"featured_media":3568,"template":"","meta":[],"product_cat":[49],"product_tag":[],"aioseo_notices":[],"_links":{"self":[{"href":"https:\/\/www.lapiquesse.fr\/index.php\/wp-json\/wp\/v2\/product\/2738"}],"collection":[{"href":"https:\/\/www.lapiquesse.fr\/index.php\/wp-json\/wp\/v2\/product"}],"about":[{"href":"https:\/\/www.lapiquesse.fr\/index.php\/wp-json\/wp\/v2\/types\/product"}],"wp:featuredmedia":[{"embeddable":true,"href":"https:\/\/www.lapiquesse.fr\/index.php\/wp-json\/wp\/v2\/media\/3568"}],"wp:attachment":[{"href":"https:\/\/www.lapiquesse.fr\/index.php\/wp-json\/wp\/v2\/media?parent=2738"}],"wp:term":[{"taxonomy":"product_cat","embeddable":true,"href":"https:\/\/www.lapiquesse.fr\/index.php\/wp-json\/wp\/v2\/product_cat?post=2738"},{"taxonomy":"product_tag","embeddable":true,"href":"https:\/\/www.lapiquesse.fr\/index.php\/wp-json\/wp\/v2\/product_tag?post=2738"}],"curies":[{"name":"wp","href":"https:\/\/api.w.org\/{rel}","templated":true}]}}