{"id":296,"date":"2020-01-29T15:50:12","date_gmt":"2020-01-29T14:50:12","guid":{"rendered":"https:\/\/client.boiteasite.fr\/lapiquesse\/?post_type=product&#038;p=296"},"modified":"2020-06-09T18:29:27","modified_gmt":"2020-06-09T16:29:27","slug":"boucles-boutons-summer","status":"publish","type":"product","link":"https:\/\/www.lapiquesse.fr\/index.php\/produit\/boucles-boutons-summer\/","title":{"rendered":"Boucles boutons summer"},"content":{"rendered":"<p>Longueur : 7,5 cm<\/p>\n<p>Largeur : 4 cm<\/p>\n<p>Poids par boucle : 6 gr<\/p>\n<p>Cabochon de 10 mm<\/p>\n<p>Support bouton en laiton 20 mm et anneau de 40 mm<\/p>\n<p>Bouton recouvert de \u00a0tissu ray\u00e9 gris et jaune<\/p>\n<p>Cr\u00e9ation unique, actuellement en un seul exemplaire mais possibilit\u00e9 de commande. Vendue par paire<\/p>\n<p>Garantie sans nickel ni plomb<\/p>\n","protected":false},"excerpt":{"rendered":"<p>Longueur : 7,5 cm Largeur : 4 cm Poids par boucle : 6 gr Cabochon de 10 mm Support bouton en laiton 20 mm et anneau de 40 mm Bouton recouvert de \u00a0tissu ray\u00e9 gris et jaune Cr\u00e9ation unique, actuellement en un seul exemplaire mais possibilit\u00e9 de commande. Vendue par paire Garantie sans nickel ni [&hellip;]<\/p>\n","protected":false},"featured_media":297,"template":"","meta":[],"product_cat":[15],"product_tag":[],"aioseo_notices":[],"_links":{"self":[{"href":"https:\/\/www.lapiquesse.fr\/index.php\/wp-json\/wp\/v2\/product\/296"}],"collection":[{"href":"https:\/\/www.lapiquesse.fr\/index.php\/wp-json\/wp\/v2\/product"}],"about":[{"href":"https:\/\/www.lapiquesse.fr\/index.php\/wp-json\/wp\/v2\/types\/product"}],"wp:featuredmedia":[{"embeddable":true,"href":"https:\/\/www.lapiquesse.fr\/index.php\/wp-json\/wp\/v2\/media\/297"}],"wp:attachment":[{"href":"https:\/\/www.lapiquesse.fr\/index.php\/wp-json\/wp\/v2\/media?parent=296"}],"wp:term":[{"taxonomy":"product_cat","embeddable":true,"href":"https:\/\/www.lapiquesse.fr\/index.php\/wp-json\/wp\/v2\/product_cat?post=296"},{"taxonomy":"product_tag","embeddable":true,"href":"https:\/\/www.lapiquesse.fr\/index.php\/wp-json\/wp\/v2\/product_tag?post=296"}],"curies":[{"name":"wp","href":"https:\/\/api.w.org\/{rel}","templated":true}]}}