{"id":2964,"date":"2021-11-16T17:25:17","date_gmt":"2021-11-16T16:25:17","guid":{"rendered":"https:\/\/www.lapiquesse.fr\/?post_type=product&#038;p=2964"},"modified":"2021-11-16T17:25:18","modified_gmt":"2021-11-16T16:25:18","slug":"boucles-doreilles-aynia-4-2","status":"publish","type":"product","link":"https:\/\/www.lapiquesse.fr\/index.php\/produit\/boucles-doreilles-aynia-4-2\/","title":{"rendered":"Boucles d&#8217;oreilles Aynia 4"},"content":{"rendered":"<p>Longueur : 6 cm<\/p>\n<p>Largeur : 4 cm<\/p>\n<p>Accroche en laiton<\/p>\n<p>Bois clair et papier r\u00e9sin\u00e9s sur base laiton et anneau de 4 cm<\/p>\n<p>verso recouvert de bois clair<\/p>\n<p>Cr\u00e9ation unique, Vendue par paire.<\/p>\n<p>Bijoux garantie sans nickel ni plomb ni cadmium<\/p>\n<p>Ne pas mettre sous l&#8217;eau<\/p>\n<p>l\u00e9g\u00e8re le poids d&#8217;une boucle fait 3 gr<\/p>\n","protected":false},"excerpt":{"rendered":"<p>Longueur : 6 cm Largeur : 4 cm Accroche en laiton Bois clair et papier r\u00e9sin\u00e9s sur base laiton et anneau de 4 cm verso recouvert de bois clair Cr\u00e9ation unique, Vendue par paire. Bijoux garantie sans nickel ni plomb ni cadmium Ne pas mettre sous l&#8217;eau l\u00e9g\u00e8re le poids d&#8217;une boucle fait 3 gr<\/p>\n","protected":false},"featured_media":2955,"template":"","meta":[],"product_cat":[40],"product_tag":[],"aioseo_notices":[],"_links":{"self":[{"href":"https:\/\/www.lapiquesse.fr\/index.php\/wp-json\/wp\/v2\/product\/2964"}],"collection":[{"href":"https:\/\/www.lapiquesse.fr\/index.php\/wp-json\/wp\/v2\/product"}],"about":[{"href":"https:\/\/www.lapiquesse.fr\/index.php\/wp-json\/wp\/v2\/types\/product"}],"wp:featuredmedia":[{"embeddable":true,"href":"https:\/\/www.lapiquesse.fr\/index.php\/wp-json\/wp\/v2\/media\/2955"}],"wp:attachment":[{"href":"https:\/\/www.lapiquesse.fr\/index.php\/wp-json\/wp\/v2\/media?parent=2964"}],"wp:term":[{"taxonomy":"product_cat","embeddable":true,"href":"https:\/\/www.lapiquesse.fr\/index.php\/wp-json\/wp\/v2\/product_cat?post=2964"},{"taxonomy":"product_tag","embeddable":true,"href":"https:\/\/www.lapiquesse.fr\/index.php\/wp-json\/wp\/v2\/product_tag?post=2964"}],"curies":[{"name":"wp","href":"https:\/\/api.w.org\/{rel}","templated":true}]}}