{"id":2976,"date":"2021-11-16T17:58:28","date_gmt":"2021-11-16T16:58:28","guid":{"rendered":"https:\/\/www.lapiquesse.fr\/?post_type=product&#038;p=2976"},"modified":"2021-11-16T17:58:28","modified_gmt":"2021-11-16T16:58:28","slug":"boucles-doreilles-flora-1","status":"publish","type":"product","link":"https:\/\/www.lapiquesse.fr\/index.php\/produit\/boucles-doreilles-flora-1\/","title":{"rendered":"Boucles d&#8217;oreilles Flora 1"},"content":{"rendered":"<p>Longueur : 5,5 cm<\/p>\n<p>Largeur : \u00a01,5 cm<\/p>\n<p>Accroche sous forme de puce en laiton \u00a0couleur dor\u00e9e<\/p>\n<p>Bois clair et papier r\u00e9sin\u00e9s sur base laiton et perles de verre<\/p>\n<p>verso recouvert de bois clair<\/p>\n<p>Cr\u00e9ation unique, Vendue par paire.<\/p>\n<p>Bijoux garantie sans nickel ni plomb ni cadmium<\/p>\n<p>Ne pas mettre sous l&#8217;eau<\/p>\n<p>l\u00e9g\u00e8re le poids d&#8217;une boucle est inf\u00e9rieur \u00e0 3 gr<\/p>\n","protected":false},"excerpt":{"rendered":"<p>Longueur : 5,5 cm Largeur : \u00a01,5 cm Accroche sous forme de puce en laiton \u00a0couleur dor\u00e9e Bois clair et papier r\u00e9sin\u00e9s sur base laiton et perles de verre verso recouvert de bois clair Cr\u00e9ation unique, Vendue par paire. Bijoux garantie sans nickel ni plomb ni cadmium Ne pas mettre sous l&#8217;eau l\u00e9g\u00e8re le poids [&hellip;]<\/p>\n","protected":false},"featured_media":2978,"template":"","meta":[],"product_cat":[40],"product_tag":[],"aioseo_notices":[],"_links":{"self":[{"href":"https:\/\/www.lapiquesse.fr\/index.php\/wp-json\/wp\/v2\/product\/2976"}],"collection":[{"href":"https:\/\/www.lapiquesse.fr\/index.php\/wp-json\/wp\/v2\/product"}],"about":[{"href":"https:\/\/www.lapiquesse.fr\/index.php\/wp-json\/wp\/v2\/types\/product"}],"wp:featuredmedia":[{"embeddable":true,"href":"https:\/\/www.lapiquesse.fr\/index.php\/wp-json\/wp\/v2\/media\/2978"}],"wp:attachment":[{"href":"https:\/\/www.lapiquesse.fr\/index.php\/wp-json\/wp\/v2\/media?parent=2976"}],"wp:term":[{"taxonomy":"product_cat","embeddable":true,"href":"https:\/\/www.lapiquesse.fr\/index.php\/wp-json\/wp\/v2\/product_cat?post=2976"},{"taxonomy":"product_tag","embeddable":true,"href":"https:\/\/www.lapiquesse.fr\/index.php\/wp-json\/wp\/v2\/product_tag?post=2976"}],"curies":[{"name":"wp","href":"https:\/\/api.w.org\/{rel}","templated":true}]}}