{"id":300,"date":"2020-01-29T16:08:25","date_gmt":"2020-01-29T15:08:25","guid":{"rendered":"https:\/\/client.boiteasite.fr\/lapiquesse\/?post_type=product&#038;p=300"},"modified":"2020-06-09T19:55:51","modified_gmt":"2020-06-09T17:55:51","slug":"boucle-boutons-peps","status":"publish","type":"product","link":"https:\/\/www.lapiquesse.fr\/index.php\/produit\/boucle-boutons-peps\/","title":{"rendered":"Boucles boutons peps"},"content":{"rendered":"<p>Longueur : 7,5 cm<\/p>\n<p>Largeur : 4 cm<\/p>\n<p>Poids par boucle : 6 gr<\/p>\n<p>Cabochon de 10 mm<\/p>\n<p>Support bouton en laiton 20 mm et anneau de 40 mm<\/p>\n<p>Bouton recouvert de tissu<\/p>\n<p>Cr\u00e9ation unique, actuellement un seul exemplaire mais possibilit\u00e9 de commande (le motif du tissu pourrait \u00eatre un peu diff\u00e9rent selon la coupe)<\/p>\n<p>Vendue par paire.<\/p>\n<p>Garantie sans nickel ni plomb (ne pas mettre sous l&#8217;eau)<\/p>\n","protected":false},"excerpt":{"rendered":"<p>Longueur : 7,5 cm Largeur : 4 cm Poids par boucle : 6 gr Cabochon de 10 mm Support bouton en laiton 20 mm et anneau de 40 mm Bouton recouvert de tissu Cr\u00e9ation unique, actuellement un seul exemplaire mais possibilit\u00e9 de commande (le motif du tissu pourrait \u00eatre un peu diff\u00e9rent selon la coupe) [&hellip;]<\/p>\n","protected":false},"featured_media":301,"template":"","meta":[],"product_cat":[15],"product_tag":[],"aioseo_notices":[],"_links":{"self":[{"href":"https:\/\/www.lapiquesse.fr\/index.php\/wp-json\/wp\/v2\/product\/300"}],"collection":[{"href":"https:\/\/www.lapiquesse.fr\/index.php\/wp-json\/wp\/v2\/product"}],"about":[{"href":"https:\/\/www.lapiquesse.fr\/index.php\/wp-json\/wp\/v2\/types\/product"}],"wp:featuredmedia":[{"embeddable":true,"href":"https:\/\/www.lapiquesse.fr\/index.php\/wp-json\/wp\/v2\/media\/301"}],"wp:attachment":[{"href":"https:\/\/www.lapiquesse.fr\/index.php\/wp-json\/wp\/v2\/media?parent=300"}],"wp:term":[{"taxonomy":"product_cat","embeddable":true,"href":"https:\/\/www.lapiquesse.fr\/index.php\/wp-json\/wp\/v2\/product_cat?post=300"},{"taxonomy":"product_tag","embeddable":true,"href":"https:\/\/www.lapiquesse.fr\/index.php\/wp-json\/wp\/v2\/product_tag?post=300"}],"curies":[{"name":"wp","href":"https:\/\/api.w.org\/{rel}","templated":true}]}}