{"id":303,"date":"2020-01-29T16:12:32","date_gmt":"2020-01-29T15:12:32","guid":{"rendered":"https:\/\/client.boiteasite.fr\/lapiquesse\/?post_type=product&#038;p=303"},"modified":"2020-06-09T18:28:50","modified_gmt":"2020-06-09T16:28:50","slug":"boucles-boutons-spring","status":"publish","type":"product","link":"https:\/\/www.lapiquesse.fr\/index.php\/produit\/boucles-boutons-spring\/","title":{"rendered":"Boucles boutons spring"},"content":{"rendered":"<p>Longueur : 7,5 cm<\/p>\n<p>Largeur : 4 cm<\/p>\n<p>Poids par boucle : 6 gr<\/p>\n<p>Cabochon de 10 mm<\/p>\n<p>Support bouton en laiton 20 mm et anneau de 40 mm<\/p>\n<p>Bouton recouvert de CUIR<\/p>\n<p>Cr\u00e9ation unique, actuellement un seul exemplaire mais possibilit\u00e9 de commande (le motif du cabochon sera diff\u00e9rent).<\/p>\n<p>Vendue par paire.<\/p>\n<p>Garantie sans nickel ni plomb (ne pas mettre sous l&#8217;eau)<\/p>\n","protected":false},"excerpt":{"rendered":"<p>Longueur : 7,5 cm Largeur : 4 cm Poids par boucle : 6 gr Cabochon de 10 mm Support bouton en laiton 20 mm et anneau de 40 mm Bouton recouvert de CUIR Cr\u00e9ation unique, actuellement un seul exemplaire mais possibilit\u00e9 de commande (le motif du cabochon sera diff\u00e9rent). Vendue par paire. Garantie sans nickel [&hellip;]<\/p>\n","protected":false},"featured_media":304,"template":"","meta":[],"product_cat":[15],"product_tag":[],"aioseo_notices":[],"_links":{"self":[{"href":"https:\/\/www.lapiquesse.fr\/index.php\/wp-json\/wp\/v2\/product\/303"}],"collection":[{"href":"https:\/\/www.lapiquesse.fr\/index.php\/wp-json\/wp\/v2\/product"}],"about":[{"href":"https:\/\/www.lapiquesse.fr\/index.php\/wp-json\/wp\/v2\/types\/product"}],"wp:featuredmedia":[{"embeddable":true,"href":"https:\/\/www.lapiquesse.fr\/index.php\/wp-json\/wp\/v2\/media\/304"}],"wp:attachment":[{"href":"https:\/\/www.lapiquesse.fr\/index.php\/wp-json\/wp\/v2\/media?parent=303"}],"wp:term":[{"taxonomy":"product_cat","embeddable":true,"href":"https:\/\/www.lapiquesse.fr\/index.php\/wp-json\/wp\/v2\/product_cat?post=303"},{"taxonomy":"product_tag","embeddable":true,"href":"https:\/\/www.lapiquesse.fr\/index.php\/wp-json\/wp\/v2\/product_tag?post=303"}],"curies":[{"name":"wp","href":"https:\/\/api.w.org\/{rel}","templated":true}]}}