{"id":3149,"date":"2022-05-16T16:48:17","date_gmt":"2022-05-16T14:48:17","guid":{"rendered":"https:\/\/www.lapiquesse.fr\/?post_type=product&#038;p=3149"},"modified":"2022-12-06T15:15:41","modified_gmt":"2022-12-06T14:15:41","slug":"lino-flower-girl","status":"publish","type":"product","link":"https:\/\/www.lapiquesse.fr\/index.php\/produit\/lino-flower-girl\/","title":{"rendered":"LINO FLOWER GIRL"},"content":{"rendered":"<p>Linogravure format 21&#215;29,7 cm en 40 exemplaires<\/p>\n<p>M\u00e9lange encre Charbonnel \u00a0bleu de prusse et bleu outremer,\u00a0Chaque tirage est unique selon l&#8217;impression il peut y avoir de petites imperfections selon les points d&#8217;encrage \u00a0 \u00a0\u00a0Papier IMAGINE de qualit\u00e9, sans acide, son grain l\u00e9ger dit &#8220;brut de machine&#8221; car conserv\u00e9 \u00e0 l&#8217;\u00e9tat naturel a un toucher exceptionnel &#8211; 200 g\/m2<\/p>\n<p>La linogravure peut \u00eatre ensuite d\u00e9coup\u00e9e et mise en valeur sur un fond de papier japonais de votre choix.<\/p>\n<p>vendu non encadr\u00e9 sur la boutique en ligne pour des facilit\u00e9s de transport mais je peux vous l&#8217;encadrer avec du kraft pour 20\u20ac de plus (frais d&#8217;encadrement 10\u20ac+ frais postaux 10\u20ac) me contacter &#8230; si format 30&#215;40 avec papier japonais le tarif est de 65\u20ac<\/p>\n","protected":false},"excerpt":{"rendered":"<p>Linogravure format 21&#215;29,7 cm en 40 exemplaires M\u00e9lange encre Charbonnel \u00a0bleu de prusse et bleu outremer,\u00a0Chaque tirage est unique selon l&#8217;impression il peut y avoir de petites imperfections selon les points d&#8217;encrage \u00a0 \u00a0\u00a0Papier IMAGINE de qualit\u00e9, sans acide, son grain l\u00e9ger dit &#8220;brut de machine&#8221; car conserv\u00e9 \u00e0 l&#8217;\u00e9tat naturel a un toucher exceptionnel [&hellip;]<\/p>\n","protected":false},"featured_media":3120,"template":"","meta":[],"product_cat":[50],"product_tag":[],"aioseo_notices":[],"_links":{"self":[{"href":"https:\/\/www.lapiquesse.fr\/index.php\/wp-json\/wp\/v2\/product\/3149"}],"collection":[{"href":"https:\/\/www.lapiquesse.fr\/index.php\/wp-json\/wp\/v2\/product"}],"about":[{"href":"https:\/\/www.lapiquesse.fr\/index.php\/wp-json\/wp\/v2\/types\/product"}],"wp:featuredmedia":[{"embeddable":true,"href":"https:\/\/www.lapiquesse.fr\/index.php\/wp-json\/wp\/v2\/media\/3120"}],"wp:attachment":[{"href":"https:\/\/www.lapiquesse.fr\/index.php\/wp-json\/wp\/v2\/media?parent=3149"}],"wp:term":[{"taxonomy":"product_cat","embeddable":true,"href":"https:\/\/www.lapiquesse.fr\/index.php\/wp-json\/wp\/v2\/product_cat?post=3149"},{"taxonomy":"product_tag","embeddable":true,"href":"https:\/\/www.lapiquesse.fr\/index.php\/wp-json\/wp\/v2\/product_tag?post=3149"}],"curies":[{"name":"wp","href":"https:\/\/api.w.org\/{rel}","templated":true}]}}