{"id":3170,"date":"2022-05-16T17:33:07","date_gmt":"2022-05-16T15:33:07","guid":{"rendered":"https:\/\/www.lapiquesse.fr\/?post_type=product&#038;p=3170"},"modified":"2022-12-09T11:54:41","modified_gmt":"2022-12-09T10:54:41","slug":"chardons-ardents","status":"publish","type":"product","link":"https:\/\/www.lapiquesse.fr\/index.php\/produit\/chardons-ardents\/","title":{"rendered":"CHARDONS ARDENTS"},"content":{"rendered":"<p>Linogravure A4 21&#215;29,7 cm en 50 exemplaires<\/p>\n<p>M\u00e9lange encre Charbonnel \u00a0bleu de prusse et bleu outremer &#8211; existe en noir<\/p>\n<p>Chaque tirage est unique selon l&#8217;impression, il peut y avoir de petites imperfections selon les points d&#8217;encrage<\/p>\n<p>Papier IMAGINE de qualit\u00e9, sans acide, son grain l\u00e9ger dit &#8220;brut de machine&#8221; car conserv\u00e9 \u00e0 l&#8217;\u00e9tat naturel a un toucher exceptionnel, 200 g\/m2<\/p>\n<p>vendu non encadr\u00e9 sur la boutique en ligne pour des facilit\u00e9s de transport mais je peux vous l&#8217;encadrer avec une plaque de contreplaqu\u00e9 avec accroche, un verre et du kraft pour 20\u20ac de plus (frais d&#8217;encadrement 10\u20ac + frais postaux 10\u20ac) me contacter &#8230;<\/p>\n","protected":false},"excerpt":{"rendered":"<p>Linogravure A4 21&#215;29,7 cm en 50 exemplaires M\u00e9lange encre Charbonnel \u00a0bleu de prusse et bleu outremer &#8211; existe en noir Chaque tirage est unique selon l&#8217;impression, il peut y avoir de petites imperfections selon les points d&#8217;encrage Papier IMAGINE de qualit\u00e9, sans acide, son grain l\u00e9ger dit &#8220;brut de machine&#8221; car conserv\u00e9 \u00e0 l&#8217;\u00e9tat naturel [&hellip;]<\/p>\n","protected":false},"featured_media":3071,"template":"","meta":[],"product_cat":[51],"product_tag":[],"aioseo_notices":[],"_links":{"self":[{"href":"https:\/\/www.lapiquesse.fr\/index.php\/wp-json\/wp\/v2\/product\/3170"}],"collection":[{"href":"https:\/\/www.lapiquesse.fr\/index.php\/wp-json\/wp\/v2\/product"}],"about":[{"href":"https:\/\/www.lapiquesse.fr\/index.php\/wp-json\/wp\/v2\/types\/product"}],"wp:featuredmedia":[{"embeddable":true,"href":"https:\/\/www.lapiquesse.fr\/index.php\/wp-json\/wp\/v2\/media\/3071"}],"wp:attachment":[{"href":"https:\/\/www.lapiquesse.fr\/index.php\/wp-json\/wp\/v2\/media?parent=3170"}],"wp:term":[{"taxonomy":"product_cat","embeddable":true,"href":"https:\/\/www.lapiquesse.fr\/index.php\/wp-json\/wp\/v2\/product_cat?post=3170"},{"taxonomy":"product_tag","embeddable":true,"href":"https:\/\/www.lapiquesse.fr\/index.php\/wp-json\/wp\/v2\/product_tag?post=3170"}],"curies":[{"name":"wp","href":"https:\/\/api.w.org\/{rel}","templated":true}]}}