{"id":3254,"date":"2022-12-06T13:39:39","date_gmt":"2022-12-06T12:39:39","guid":{"rendered":"https:\/\/www.lapiquesse.fr\/?post_type=product&#038;p=3254"},"modified":"2024-12-05T12:26:19","modified_gmt":"2024-12-05T11:26:19","slug":"douceur-sous-un-figuier","status":"publish","type":"product","link":"https:\/\/www.lapiquesse.fr\/index.php\/produit\/douceur-sous-un-figuier\/","title":{"rendered":"DOUCEUR SOUS UN FIGUIER"},"content":{"rendered":"<p>Linogravure 25X50cm en 50 exemplaires avec passe partout<\/p>\n<p>Encre Charbonnel couleur bleu de prusse, outremer et oc\u00e9an, les figues sont peintes avec de l\u2019 Encre Sennelier et de l\u2019Aquarelle<\/p>\n<p>Papier IMAGINE de qualit\u00e9, sans acide, son grain l\u00e9ger dit &#8220;brut de machine&#8221; car conserv\u00e9 \u00e0 l&#8217;\u00e9tat naturel a un toucher exceptionnel, 200 g\/m2<\/p>\n<p>vendu non encadr\u00e9 sur la boutique en ligne pour des facilit\u00e9s de transport mais je peux vous l&#8217;encadrer avec une plaque de contreplaqu\u00e9 avec accroche, du verre et du kraft pour 35\u20ac de plus (frais d&#8217;encadrement 20\u20ac + frais postaux 15\u20ac) me contacter &#8230;<\/p>\n<p>&nbsp;<\/p>\n","protected":false},"excerpt":{"rendered":"<p><img decoding=\"async\" loading=\"lazy\" class=\"alignnone size-medium wp-image-3250\" src=\"https:\/\/www.lapiquesse.fr\/wp-content\/uploads\/2022\/12\/31A5AD51-E675-43C0-BA54-284CCA6B7A72-175x300.jpeg\" alt=\"\" width=\"175\" height=\"300\" srcset=\"https:\/\/www.lapiquesse.fr\/wp-content\/uploads\/2022\/12\/31A5AD51-E675-43C0-BA54-284CCA6B7A72-175x300.jpeg 175w, https:\/\/www.lapiquesse.fr\/wp-content\/uploads\/2022\/12\/31A5AD51-E675-43C0-BA54-284CCA6B7A72-600x1030.jpeg 600w, https:\/\/www.lapiquesse.fr\/wp-content\/uploads\/2022\/12\/31A5AD51-E675-43C0-BA54-284CCA6B7A72.jpeg 699w\" sizes=\"(max-width: 175px) 100vw, 175px\" \/><img decoding=\"async\" loading=\"lazy\" class=\"alignnone size-medium wp-image-3226\" src=\"https:\/\/www.lapiquesse.fr\/wp-content\/uploads\/2022\/12\/96899F32-2123-4A9E-BF74-8F0D87E0570A-225x300.jpeg\" alt=\"\" width=\"225\" height=\"300\" srcset=\"https:\/\/www.lapiquesse.fr\/wp-content\/uploads\/2022\/12\/96899F32-2123-4A9E-BF74-8F0D87E0570A-225x300.jpeg 225w, https:\/\/www.lapiquesse.fr\/wp-content\/uploads\/2022\/12\/96899F32-2123-4A9E-BF74-8F0D87E0570A-600x800.jpeg 600w, https:\/\/www.lapiquesse.fr\/wp-content\/uploads\/2022\/12\/96899F32-2123-4A9E-BF74-8F0D87E0570A.jpeg 900w\" sizes=\"(max-width: 225px) 100vw, 225px\" \/><\/p>\n","protected":false},"featured_media":3255,"template":"","meta":[],"product_cat":[51],"product_tag":[],"aioseo_notices":[],"_links":{"self":[{"href":"https:\/\/www.lapiquesse.fr\/index.php\/wp-json\/wp\/v2\/product\/3254"}],"collection":[{"href":"https:\/\/www.lapiquesse.fr\/index.php\/wp-json\/wp\/v2\/product"}],"about":[{"href":"https:\/\/www.lapiquesse.fr\/index.php\/wp-json\/wp\/v2\/types\/product"}],"wp:featuredmedia":[{"embeddable":true,"href":"https:\/\/www.lapiquesse.fr\/index.php\/wp-json\/wp\/v2\/media\/3255"}],"wp:attachment":[{"href":"https:\/\/www.lapiquesse.fr\/index.php\/wp-json\/wp\/v2\/media?parent=3254"}],"wp:term":[{"taxonomy":"product_cat","embeddable":true,"href":"https:\/\/www.lapiquesse.fr\/index.php\/wp-json\/wp\/v2\/product_cat?post=3254"},{"taxonomy":"product_tag","embeddable":true,"href":"https:\/\/www.lapiquesse.fr\/index.php\/wp-json\/wp\/v2\/product_tag?post=3254"}],"curies":[{"name":"wp","href":"https:\/\/api.w.org\/{rel}","templated":true}]}}