{"id":3356,"date":"2023-05-24T17:26:16","date_gmt":"2023-05-24T15:26:16","guid":{"rendered":"https:\/\/www.lapiquesse.fr\/?post_type=product&#038;p=3356"},"modified":"2025-10-25T13:58:18","modified_gmt":"2025-10-25T11:58:18","slug":"la-vie-sous-marine","status":"publish","type":"product","link":"https:\/\/www.lapiquesse.fr\/index.php\/produit\/la-vie-sous-marine\/","title":{"rendered":"A &#8211; PROFONDEUR OCEANE"},"content":{"rendered":"<p>Format 16&#215;42 cm en 50 exemplaires &#8211; avec son passe partout format 25x50cm<\/p>\n<p>M\u00e9lange Encre Charbonnel \u00a0bleu de Prusse et bleu oc\u00e9an, \u00a0et feutre jaune<\/p>\n<p>Chaque tirage est unique selon l&#8217;impression, il peut y avoir de petites imperfections selon les points d&#8217;encrage<\/p>\n<p>Papier IMAGINE de qualit\u00e9, sans acide, son grain l\u00e9ger dit &#8220;brut de machine&#8221; car conserv\u00e9 \u00e0 l&#8217;\u00e9tat naturel a un toucher exceptionnel, 200 g\/m2<\/p>\n<p>vendu non encadr\u00e9 sur la boutique en ligne pour des facilit\u00e9s de transport mais je peux vous l&#8217;encadrer avec une plaque de contreplaqu\u00e9 avec accroche, du verre et du kraft pour 35\u20ac de plus (frais d&#8217;encadrement 20\u20ac + frais postaux 15\u20ac) me contacter &#8230;<\/p>\n","protected":false},"excerpt":{"rendered":"<p>Format 16&#215;42 cm en 50 exemplaires &#8211; avec son passe partout format 25x50cm M\u00e9lange Encre Charbonnel \u00a0bleu de Prusse et bleu oc\u00e9an, \u00a0et feutre jaune Chaque tirage est unique selon l&#8217;impression, il peut y avoir de petites imperfections selon les points d&#8217;encrage Papier IMAGINE de qualit\u00e9, sans acide, son grain l\u00e9ger dit &#8220;brut de machine&#8221; [&hellip;]<\/p>\n","protected":false},"featured_media":3582,"template":"","meta":[],"product_cat":[49],"product_tag":[],"aioseo_notices":[],"_links":{"self":[{"href":"https:\/\/www.lapiquesse.fr\/index.php\/wp-json\/wp\/v2\/product\/3356"}],"collection":[{"href":"https:\/\/www.lapiquesse.fr\/index.php\/wp-json\/wp\/v2\/product"}],"about":[{"href":"https:\/\/www.lapiquesse.fr\/index.php\/wp-json\/wp\/v2\/types\/product"}],"wp:featuredmedia":[{"embeddable":true,"href":"https:\/\/www.lapiquesse.fr\/index.php\/wp-json\/wp\/v2\/media\/3582"}],"wp:attachment":[{"href":"https:\/\/www.lapiquesse.fr\/index.php\/wp-json\/wp\/v2\/media?parent=3356"}],"wp:term":[{"taxonomy":"product_cat","embeddable":true,"href":"https:\/\/www.lapiquesse.fr\/index.php\/wp-json\/wp\/v2\/product_cat?post=3356"},{"taxonomy":"product_tag","embeddable":true,"href":"https:\/\/www.lapiquesse.fr\/index.php\/wp-json\/wp\/v2\/product_tag?post=3356"}],"curies":[{"name":"wp","href":"https:\/\/api.w.org\/{rel}","templated":true}]}}