{"id":3435,"date":"2023-12-06T16:09:54","date_gmt":"2023-12-06T15:09:54","guid":{"rendered":"https:\/\/www.lapiquesse.fr\/?post_type=product&#038;p=3435"},"modified":"2025-10-22T19:32:03","modified_gmt":"2025-10-22T17:32:03","slug":"a-baleines-ataroa-et-aroha","status":"publish","type":"product","link":"https:\/\/www.lapiquesse.fr\/index.php\/produit\/a-baleines-ataroa-et-aroha\/","title":{"rendered":"A &#8211; LES BALEINES AHUARII ET NANIHI"},"content":{"rendered":"<p>Linogravure A4 21&#215;29,7 cm en 50 exemplaires<\/p>\n<p>Encre bleu de prusse et bleu d&#8217;outremer<\/p>\n<p>Chaque tirage est unique selon l&#8217;impression, il peut y avoir de petites imperfections selon les points d&#8217;encrage.<\/p>\n<p>Papier IMAGINE de qualit\u00e9, sans acide, son grain l\u00e9ger dit &#8220;brut de machine&#8221; car conserv\u00e9 \u00e0 l&#8217;\u00e9tat naturel a un toucher exceptionnel, 200 g\/m2<\/p>\n<p>vendu non encadr\u00e9 sur la boutique en ligne pour des facilit\u00e9s de transport mais je peux vous l&#8217;encadrer avec un contreplaqu\u00e9 avec accroche, du verre et du kraft pour 20\u20ac de plus (frais d&#8217;encadrement 10\u20ac + frais postaux 10\u20ac) me contacter &#8230;.<\/p>\n","protected":false},"excerpt":{"rendered":"<p>Linogravure A4 21&#215;29,7 cm en 50 exemplaires Encre bleu de prusse et bleu d&#8217;outremer Chaque tirage est unique selon l&#8217;impression, il peut y avoir de petites imperfections selon les points d&#8217;encrage. Papier IMAGINE de qualit\u00e9, sans acide, son grain l\u00e9ger dit &#8220;brut de machine&#8221; car conserv\u00e9 \u00e0 l&#8217;\u00e9tat naturel a un toucher exceptionnel, 200 g\/m2 [&hellip;]<\/p>\n","protected":false},"featured_media":3574,"template":"","meta":[],"product_cat":[49],"product_tag":[],"aioseo_notices":[],"_links":{"self":[{"href":"https:\/\/www.lapiquesse.fr\/index.php\/wp-json\/wp\/v2\/product\/3435"}],"collection":[{"href":"https:\/\/www.lapiquesse.fr\/index.php\/wp-json\/wp\/v2\/product"}],"about":[{"href":"https:\/\/www.lapiquesse.fr\/index.php\/wp-json\/wp\/v2\/types\/product"}],"wp:featuredmedia":[{"embeddable":true,"href":"https:\/\/www.lapiquesse.fr\/index.php\/wp-json\/wp\/v2\/media\/3574"}],"wp:attachment":[{"href":"https:\/\/www.lapiquesse.fr\/index.php\/wp-json\/wp\/v2\/media?parent=3435"}],"wp:term":[{"taxonomy":"product_cat","embeddable":true,"href":"https:\/\/www.lapiquesse.fr\/index.php\/wp-json\/wp\/v2\/product_cat?post=3435"},{"taxonomy":"product_tag","embeddable":true,"href":"https:\/\/www.lapiquesse.fr\/index.php\/wp-json\/wp\/v2\/product_tag?post=3435"}],"curies":[{"name":"wp","href":"https:\/\/api.w.org\/{rel}","templated":true}]}}