{"id":3475,"date":"2024-04-11T13:29:55","date_gmt":"2024-04-11T11:29:55","guid":{"rendered":"https:\/\/www.lapiquesse.fr\/?post_type=product&#038;p=3475"},"modified":"2025-10-25T13:30:37","modified_gmt":"2025-10-25T11:30:37","slug":"a-parade-et-velour","status":"publish","type":"product","link":"https:\/\/www.lapiquesse.fr\/index.php\/produit\/a-parade-et-velour\/","title":{"rendered":"A &#8211; PARADE ET VELOUR Vendu encadr\u00e9 avec passe-partout"},"content":{"rendered":"<p>Linogravure 20X20 cm en 50 exemplaires &#8211;<\/p>\n<p>Encre bleu de prusse et bleu d&#8217;outremer<\/p>\n<p>Chaque tirage est unique selon l&#8217;impression, il peut y avoir de petites imperfections selon les points d&#8217;encrage.<\/p>\n<p>Papier IMAGINE de qualit\u00e9, sans acide, son grain l\u00e9ger dit &#8220;brut de machine&#8221; car conserv\u00e9 \u00e0 l&#8217;\u00e9tat naturel a un toucher exceptionnel, 200 g\/m2. Pour une livraison encadr\u00e9 avec dos, verre et passe partout comptez 20\u20ac en plus (encadrement 10\u20ac + livraison 10\u20ac)<\/p>\n","protected":false},"excerpt":{"rendered":"<p>Linogravure 20X20 cm en 50 exemplaires &#8211; Encre bleu de prusse et bleu d&#8217;outremer Chaque tirage est unique selon l&#8217;impression, il peut y avoir de petites imperfections selon les points d&#8217;encrage. Papier IMAGINE de qualit\u00e9, sans acide, son grain l\u00e9ger dit &#8220;brut de machine&#8221; car conserv\u00e9 \u00e0 l&#8217;\u00e9tat naturel a un toucher exceptionnel, 200 g\/m2. [&hellip;]<\/p>\n","protected":false},"featured_media":3542,"template":"","meta":[],"product_cat":[49],"product_tag":[],"aioseo_notices":[],"_links":{"self":[{"href":"https:\/\/www.lapiquesse.fr\/index.php\/wp-json\/wp\/v2\/product\/3475"}],"collection":[{"href":"https:\/\/www.lapiquesse.fr\/index.php\/wp-json\/wp\/v2\/product"}],"about":[{"href":"https:\/\/www.lapiquesse.fr\/index.php\/wp-json\/wp\/v2\/types\/product"}],"wp:featuredmedia":[{"embeddable":true,"href":"https:\/\/www.lapiquesse.fr\/index.php\/wp-json\/wp\/v2\/media\/3542"}],"wp:attachment":[{"href":"https:\/\/www.lapiquesse.fr\/index.php\/wp-json\/wp\/v2\/media?parent=3475"}],"wp:term":[{"taxonomy":"product_cat","embeddable":true,"href":"https:\/\/www.lapiquesse.fr\/index.php\/wp-json\/wp\/v2\/product_cat?post=3475"},{"taxonomy":"product_tag","embeddable":true,"href":"https:\/\/www.lapiquesse.fr\/index.php\/wp-json\/wp\/v2\/product_tag?post=3475"}],"curies":[{"name":"wp","href":"https:\/\/api.w.org\/{rel}","templated":true}]}}