{"id":3498,"date":"2024-06-17T18:51:26","date_gmt":"2024-06-17T16:51:26","guid":{"rendered":"https:\/\/www.lapiquesse.fr\/?post_type=product&#038;p=3498"},"modified":"2024-06-19T19:45:50","modified_gmt":"2024-06-19T17:45:50","slug":"crazy-le-crabe-2","status":"publish","type":"product","link":"https:\/\/www.lapiquesse.fr\/index.php\/produit\/crazy-le-crabe-2\/","title":{"rendered":"Crazy le Crabe"},"content":{"rendered":"<blockquote><p>Reproduction d\u2019une peinture acrylique<\/p>\n<p>Format 40x30cm &#8211; vendu en tube carton<\/p><\/blockquote>\n<p>Papier de haute qualit\u00e9 s\u00e9lectionn\u00e9 avec soin avec l\u2019imprimeur &#8211; 150 g\/m2 &#8211; 100% FSC c\u2019est \u00e0 dire fabriqu\u00e9 avec de la fibre de bois dont l\u2019origine est certifi\u00e9e et \u00e9co responsable<\/p>\n<p>Imprimeur Breton labellis\u00e9 Imprim\u2019vert et encres v\u00e9g\u00e9tales.<\/p>\n<p>vendu non encadr\u00e9 sur la boutique en ligne mais je peux vous rajouter 2 baguettes aimant\u00e9e en haut et en bas pour 15\u20ac \u00a0\u2026. me contacter<\/p>\n","protected":false},"excerpt":{"rendered":"<p>Reproduction d\u2019une peinture acrylique Format 40x30cm &#8211; vendu en tube carton Papier de haute qualit\u00e9 s\u00e9lectionn\u00e9 avec soin avec l\u2019imprimeur &#8211; 150 g\/m2 &#8211; 100% FSC c\u2019est \u00e0 dire fabriqu\u00e9 avec de la fibre de bois dont l\u2019origine est certifi\u00e9e et \u00e9co responsable Imprimeur Breton labellis\u00e9 Imprim\u2019vert et encres v\u00e9g\u00e9tales. vendu non encadr\u00e9 sur la [&hellip;]<\/p>\n","protected":false},"featured_media":3509,"template":"","meta":[],"product_cat":[53],"product_tag":[],"aioseo_notices":[],"_links":{"self":[{"href":"https:\/\/www.lapiquesse.fr\/index.php\/wp-json\/wp\/v2\/product\/3498"}],"collection":[{"href":"https:\/\/www.lapiquesse.fr\/index.php\/wp-json\/wp\/v2\/product"}],"about":[{"href":"https:\/\/www.lapiquesse.fr\/index.php\/wp-json\/wp\/v2\/types\/product"}],"wp:featuredmedia":[{"embeddable":true,"href":"https:\/\/www.lapiquesse.fr\/index.php\/wp-json\/wp\/v2\/media\/3509"}],"wp:attachment":[{"href":"https:\/\/www.lapiquesse.fr\/index.php\/wp-json\/wp\/v2\/media?parent=3498"}],"wp:term":[{"taxonomy":"product_cat","embeddable":true,"href":"https:\/\/www.lapiquesse.fr\/index.php\/wp-json\/wp\/v2\/product_cat?post=3498"},{"taxonomy":"product_tag","embeddable":true,"href":"https:\/\/www.lapiquesse.fr\/index.php\/wp-json\/wp\/v2\/product_tag?post=3498"}],"curies":[{"name":"wp","href":"https:\/\/api.w.org\/{rel}","templated":true}]}}