{"id":575,"date":"2020-02-01T18:11:37","date_gmt":"2020-02-01T17:11:37","guid":{"rendered":"https:\/\/client.boiteasite.fr\/lapiquesse\/?post_type=product&#038;p=575"},"modified":"2024-06-17T19:30:19","modified_gmt":"2024-06-17T17:30:19","slug":"moricette-la-bleue","status":"publish","type":"product","link":"https:\/\/www.lapiquesse.fr\/index.php\/produit\/moricette-la-bleue\/","title":{"rendered":"peinture Mistic la m\u00e9duse"},"content":{"rendered":"<p>Cadre 20 x \u00a020 cm<\/p>\n<p>Carton entoil\u00e9 recouvert d&#8217;une page de livre et d&#8217;une peinture acrylique<\/p>\n<p>Passe-partout blanc<\/p>\n<p>Fermeture par une vitre, un carton bois et du kraft (double \u00e9paisseur)<\/p>\n<p>Toutes mes toiles sont sign\u00e9es Zaza et sont certifi\u00e9es authentique au dos du cadre<\/p>\n<p>Accroche dor\u00e9 au dos<\/p>\n<p>Poids 340 gr &#8211; peinture vendue, la reproduction sera l\u00e9g\u00e8rement diff\u00e9rente<\/p>\n","protected":false},"excerpt":{"rendered":"<p>Cadre 20 x \u00a020 cm Carton entoil\u00e9 recouvert d&#8217;une page de livre et d&#8217;une peinture acrylique Passe-partout blanc Fermeture par une vitre, un carton bois et du kraft (double \u00e9paisseur) Toutes mes toiles sont sign\u00e9es Zaza et sont certifi\u00e9es authentique au dos du cadre Accroche dor\u00e9 au dos Poids 340 gr &#8211; peinture vendue, la [&hellip;]<\/p>\n","protected":false},"featured_media":577,"template":"","meta":[],"product_cat":[18,29],"product_tag":[],"aioseo_notices":[],"_links":{"self":[{"href":"https:\/\/www.lapiquesse.fr\/index.php\/wp-json\/wp\/v2\/product\/575"}],"collection":[{"href":"https:\/\/www.lapiquesse.fr\/index.php\/wp-json\/wp\/v2\/product"}],"about":[{"href":"https:\/\/www.lapiquesse.fr\/index.php\/wp-json\/wp\/v2\/types\/product"}],"wp:featuredmedia":[{"embeddable":true,"href":"https:\/\/www.lapiquesse.fr\/index.php\/wp-json\/wp\/v2\/media\/577"}],"wp:attachment":[{"href":"https:\/\/www.lapiquesse.fr\/index.php\/wp-json\/wp\/v2\/media?parent=575"}],"wp:term":[{"taxonomy":"product_cat","embeddable":true,"href":"https:\/\/www.lapiquesse.fr\/index.php\/wp-json\/wp\/v2\/product_cat?post=575"},{"taxonomy":"product_tag","embeddable":true,"href":"https:\/\/www.lapiquesse.fr\/index.php\/wp-json\/wp\/v2\/product_tag?post=575"}],"curies":[{"name":"wp","href":"https:\/\/api.w.org\/{rel}","templated":true}]}}