{"id":971,"date":"2020-02-07T16:26:19","date_gmt":"2020-02-07T15:26:19","guid":{"rendered":"https:\/\/client.boiteasite.fr\/lapiquesse\/?post_type=product&#038;p=971"},"modified":"2020-02-12T21:11:51","modified_gmt":"2020-02-12T20:11:51","slug":"sautoir-maiana-5","status":"publish","type":"product","link":"https:\/\/www.lapiquesse.fr\/index.php\/produit\/sautoir-maiana-5\/","title":{"rendered":"Sautoir Maiana 5"},"content":{"rendered":"<p>Longueur de la chaine : 80 cm<\/p>\n<p>Longueur des m\u00e9daillons : 5,5 cm<\/p>\n<p>Breloque en laiton couleur bronze recouvert de papier vernis et s\u00e9quin \u00e9maill\u00e9<\/p>\n<p>Ne pas mettre sous l&#8217;eau<\/p>\n<p>Garanti sans nickel<\/p>\n","protected":false},"excerpt":{"rendered":"<h3>CREATION ZAZA<\/h3>\n","protected":false},"featured_media":972,"template":"","meta":[],"product_cat":[15],"product_tag":[],"aioseo_notices":[],"_links":{"self":[{"href":"https:\/\/www.lapiquesse.fr\/index.php\/wp-json\/wp\/v2\/product\/971"}],"collection":[{"href":"https:\/\/www.lapiquesse.fr\/index.php\/wp-json\/wp\/v2\/product"}],"about":[{"href":"https:\/\/www.lapiquesse.fr\/index.php\/wp-json\/wp\/v2\/types\/product"}],"wp:featuredmedia":[{"embeddable":true,"href":"https:\/\/www.lapiquesse.fr\/index.php\/wp-json\/wp\/v2\/media\/972"}],"wp:attachment":[{"href":"https:\/\/www.lapiquesse.fr\/index.php\/wp-json\/wp\/v2\/media?parent=971"}],"wp:term":[{"taxonomy":"product_cat","embeddable":true,"href":"https:\/\/www.lapiquesse.fr\/index.php\/wp-json\/wp\/v2\/product_cat?post=971"},{"taxonomy":"product_tag","embeddable":true,"href":"https:\/\/www.lapiquesse.fr\/index.php\/wp-json\/wp\/v2\/product_tag?post=971"}],"curies":[{"name":"wp","href":"https:\/\/api.w.org\/{rel}","templated":true}]}}